{"id":198,"date":"2020-12-20T01:05:25","date_gmt":"2020-12-20T01:05:25","guid":{"rendered":"http:\/\/www.plicsa.cl\/web\/?page_id=198"},"modified":"2021-01-03T20:03:07","modified_gmt":"2021-01-03T20:03:07","slug":"equipo","status":"publish","type":"page","link":"https:\/\/www.plicsa.cl\/web\/equipo\/","title":{"rendered":"EQUIPO"},"content":{"rendered":"<p>[vc_row][vc_column width=\u00bb1\/2&#8243;][vc_single_image image=\u00bb214&#8243; img_size=\u00bbfull\u00bb][\/vc_column][vc_column width=\u00bb1\/2&#8243;][vc_column_text]<\/p>\n<p style=\"text-align: justify;\">La compa\u00f1\u00eda cuenta con un grupo consolidado de profesionales con una gran experiencia y especializaci\u00f3n en los procesos convencionales y especiales de bombeo que complementa su experiencia comercial con una s\u00f3lida formaci\u00f3n t\u00e9cnica, para as\u00ed entregar soluciones confiables e inteligentes; estableciendo v\u00ednculos permanentes con sus clientes con el objetivo de garantizar el conocimiento directo de sus necesidades.<\/p>\n<p style=\"text-align: justify;\">Plicsa cuenta con una unidad de Servicio T\u00e9cnico especializado de primer nivel con profesionales que poseen formaci\u00f3n directa en f\u00e1brica, y que cuentan con las competencias necesarias para brindar un servicio de alto valor para el cliente, entregando soluciones, servicios y suministros de forma eficaz.<\/p>\n<p>[\/vc_column_text][\/vc_column][\/vc_row]<\/p>\n","protected":false},"excerpt":{"rendered":"<p>[vc_row][vc_column width=\u00bb1\/2&#8243;][vc_single_image image=\u00bb214&#8243; img_size=\u00bbfull\u00bb][\/vc_column][vc_column width=\u00bb1\/2&#8243;][vc_column_text] La compa\u00f1\u00eda cuenta con un grupo consolidado de profesionales con una gran experiencia y especializaci\u00f3n en los procesos convencionales y especiales de bombeo que complementa su experiencia comercial con una s\u00f3lida formaci\u00f3n t\u00e9cnica, para as\u00ed entregar soluciones confiables e inteligentes; estableciendo v\u00ednculos permanentes con sus clientes con el objetivo de garantizar el conocimiento directo de sus necesidades. Plicsa cuenta con una unidad de Servicio T\u00e9cnico especializado de primer nivel con profesionales que poseen formaci\u00f3n directa&hellip;<\/p>\n","protected":false},"author":1,"featured_media":0,"parent":0,"menu_order":0,"comment_status":"closed","ping_status":"closed","template":"page-templates\/template-services.php","meta":[],"_links":{"self":[{"href":"https:\/\/www.plicsa.cl\/web\/wp-json\/wp\/v2\/pages\/198"}],"collection":[{"href":"https:\/\/www.plicsa.cl\/web\/wp-json\/wp\/v2\/pages"}],"about":[{"href":"https:\/\/www.plicsa.cl\/web\/wp-json\/wp\/v2\/types\/page"}],"author":[{"embeddable":true,"href":"https:\/\/www.plicsa.cl\/web\/wp-json\/wp\/v2\/users\/1"}],"replies":[{"embeddable":true,"href":"https:\/\/www.plicsa.cl\/web\/wp-json\/wp\/v2\/comments?post=198"}],"version-history":[{"count":4,"href":"https:\/\/www.plicsa.cl\/web\/wp-json\/wp\/v2\/pages\/198\/revisions"}],"predecessor-version":[{"id":302,"href":"https:\/\/www.plicsa.cl\/web\/wp-json\/wp\/v2\/pages\/198\/revisions\/302"}],"wp:attachment":[{"href":"https:\/\/www.plicsa.cl\/web\/wp-json\/wp\/v2\/media?parent=198"}],"curies":[{"name":"wp","href":"https:\/\/api.w.org\/{rel}","templated":true}]}}